{"id":1060593,"date":"2025-05-07T09:41:50","date_gmt":"2025-05-07T09:41:50","guid":{"rendered":"https:\/\/www.metareal.ro\/index.php\/product\/complex-de-joaca-din-lemn-fungoo-gaia-t1s-04720pk-natur\/"},"modified":"2025-05-07T10:33:52","modified_gmt":"2025-05-07T10:33:52","slug":"complex-de-joaca-din-lemn-fungoo-gaia-t1s-04720pk-natur","status":"publish","type":"product","link":"https:\/\/www.metareal.ro\/index.php\/product\/complex-de-joaca-din-lemn-fungoo-gaia-t1s-04720pk-natur\/","title":{"rendered":"Complex de joaca din lemn Fungoo? Gaia T1S 04720PK (natur)"},"content":{"rendered":"<p>Complex de joaca din lemn Fungoo? Gaia T1S 04720PK (natur)<br \/>\n<br \/>Locul de joac? din lemn Fungoo\u00ffGaia T1S 04720PK este ideal pentru gr?dinile mici. Spatiul de joaca este\u00ffcomplet echipat ?i accesorizat. Acest loc de joac? ofer? leagan, turn cu acoperis din lemn,tobogan 2.2 m si o cutie de nisip, care le permite copiilor s? exploreze ?i s? se distreze. Structura este stabil?, rezistent? la intemperii ?i UV.<br \/>\nAvantaje\u00ff:<br \/>\n? Tobogan 2.2 m<br \/>? Ancore pentru fixare<br \/>? Aparatori suruburi<br \/>? Scara cu 4 trepte metalice<br \/>? Cutie de nisip<br \/>?\u00ff1 leagan drept<br \/>? Accesorii incluse ( carma, scara)<br \/>? Instrumente de asamblare<br \/>? Manual de montaj pas cu pas<br \/>\nDe retinut:<\/p>\n<p>Greutate maxima utilizator: 50 kg.<br \/>\nNumar de copii in acelasi timp:\u00ff5<br \/>\nDimensiuni platforma:\u00ff80x80cm<br \/>\nSpatiul include protectii pentru suruburi.<br \/>\nSpatiul include manere ergonomice rezistente UV\/Intemperii<br \/>\nFabricat din lemn de pin cu tratament autoclav clasa a IV-a, rezistent la atacurile ciupercilor si insectelor xilofage.<br \/>\nFunii leagan din polipropilena impletita rezistente\u00ffin timp, reglabile.<br \/>\nTobogan din polietilena HDPE rezistent la intemperii.<br \/>\nTimp estimat de asamblare:\u00ff5 ore \/ 2 persoane<br \/>\nCertificat EN 71<br \/>\nRecomandat copiilor de peste 3 ani.<\/p>\n<p>Dimensiuni :\u00ff\u00ff380 x 223 xh 252 cm<br \/>\nInaltime\u00ffplatforma : ~125 cm<br \/>\nProdusele sunt realizate din lemn natural intreg fara adeziv.<br \/>\nMaterialul lemnos are diametrul de 7 cm, este impregnat impotriva ciupercilor, a mucegaiului si a insectelor.<\/p>\n<p>Complexul de joaca este recomandat pentru uz rezidential, si se poate folosi de\u00ff5\u00ffcopii\u00ff in acelasi timp.<br \/>\nLemnul este un material natural.\u00ffPoate prezenta mici nereguli sau variatii de culoare, rasina, noduri. Fiind expus la conditii exterioare cu variatii de temperatura si umiditate pot aparea mici fisuri care insa nu afecteaza rezistenta acestuia.<br \/>\nInfo colete: 3 colete\u00ff , 60 kg<\/p>\n","protected":false},"excerpt":{"rendered":"<p>AdFungoo<\/p>\n","protected":false},"featured_media":1060598,"comment_status":"closed","ping_status":"open","template":"","meta":{"jetpack_post_was_ever_published":false},"product_brand":[],"product_cat":[148],"product_tag":[],"class_list":{"0":"post-1060593","1":"product","2":"type-product","3":"status-publish","4":"has-post-thumbnail","6":"product_cat-activitati-in-aer-libercasuta-si-locuri-de-joaca","8":"first","9":"instock","10":"purchasable","11":"product-type-simple"},"jetpack-related-posts":[],"jetpack_sharing_enabled":true,"_links":{"self":[{"href":"https:\/\/www.metareal.ro\/index.php\/wp-json\/wp\/v2\/product\/1060593","targetHints":{"allow":["GET"]}}],"collection":[{"href":"https:\/\/www.metareal.ro\/index.php\/wp-json\/wp\/v2\/product"}],"about":[{"href":"https:\/\/www.metareal.ro\/index.php\/wp-json\/wp\/v2\/types\/product"}],"replies":[{"embeddable":true,"href":"https:\/\/www.metareal.ro\/index.php\/wp-json\/wp\/v2\/comments?post=1060593"}],"wp:featuredmedia":[{"embeddable":true,"href":"https:\/\/www.metareal.ro\/index.php\/wp-json\/wp\/v2\/media\/1060598"}],"wp:attachment":[{"href":"https:\/\/www.metareal.ro\/index.php\/wp-json\/wp\/v2\/media?parent=1060593"}],"wp:term":[{"taxonomy":"product_brand","embeddable":true,"href":"https:\/\/www.metareal.ro\/index.php\/wp-json\/wp\/v2\/product_brand?post=1060593"},{"taxonomy":"product_cat","embeddable":true,"href":"https:\/\/www.metareal.ro\/index.php\/wp-json\/wp\/v2\/product_cat?post=1060593"},{"taxonomy":"product_tag","embeddable":true,"href":"https:\/\/www.metareal.ro\/index.php\/wp-json\/wp\/v2\/product_tag?post=1060593"}],"curies":[{"name":"wp","href":"https:\/\/api.w.org\/{rel}","templated":true}]}}